{"id":167,"date":"2025-02-27T15:27:15","date_gmt":"2025-02-27T15:27:15","guid":{"rendered":"https:\/\/mkgnetworkmedical.com\/?page_id=167"},"modified":"2025-06-17T17:31:38","modified_gmt":"2025-06-17T17:31:38","slug":"servicios","status":"publish","type":"page","link":"https:\/\/mkgnetworkmedical.com\/en\/servicios\/","title":{"rendered":"Services"},"content":{"rendered":"<p><\/p>\n\n\n\n\n\n\n<h1>Medical coding and operational support for the healthcare sector<\/h1>\n\n\n\n\n\n\n\n\n\n<h2>Our services<\/h2>\n\n\n\n\n\n<p>At MKG Medical Network, we are 100% focused on getting your claims paid. Whether you haven\u2019t succeeded in collecting your claims, are receiving underpayments, lack the time or staff to follow up, or simply don\u2019t want to deal with insurance companies \u2014 we\u2019re here to help you get the compensation you deserve.<\/p>\n<p>With MKG Medical Network, a dedicated team works for you at every stage of the claims process. We integrate seamlessly into your operations, taking charge of your claims so you can focus on what matters most: transporting and caring for your patients.&nbsp;<br><\/p>\n\n\n\n\nAt MKG Medical Network, we deliver standardized services and measurable results\n\n\n\n\n\n\n\n<p><span style=\"caret-color: rgb(9, 133, 169); color: rgb(9, 133, 169); font-size: 400; font-weight: 700; text-align: justify;\">Benefits verification:&nbsp;<\/span><span style=\"font-size: 15px; text-align: center; font-style: inherit;\">A thorough and accurate benefits check is the single most important thing to do \u2014 and also the most common critical failure that can impact an insurance claims payment. As professionals, we know exactly what questions to ask, and as those questions evolve, we evolve with them.<\/span><\/p>\n\n\n\n\n\n\n\n\n\n\n\n\n<p><span style=\"caret-color: rgb(9, 133, 169); color: rgb(9, 133, 169); font-weight: 700; text-align: justify;\">Pre-authorizations:&nbsp;<\/span><span style=\"font-style: inherit; font-size: 15px; text-align: center;\">Obtaining prior authorization significantly reduces the risk associated with any medical procedure and practically guarantees claims payment. Thanks to our specialized experience in air ambulance billing and claims submission, we know exactly what is needed for medically necessary procedures to be approved. We work together with your team, case managers, and handle the entire pre-authorization process.<\/span><\/p>\n\n\n\n\n\n\n\n\n\n\n\n\n<p style=\"text-align: start;\"><span style=\"caret-color: rgb(9, 133, 169); color: rgb(9, 133, 169); font-weight: 700; text-align: justify; font-size: 1rem;\">Claims submissions:<\/span><span style=\"font-style: inherit; caret-color: rgb(9, 133, 169); color: rgb(9, 133, 169); font-size: 18px; font-weight: 700;\">&nbsp;<\/span><span style=\"font-style: inherit; font-size: 15px; text-align: center;\">We submit your claim as soon as we receive all required documentation, and we keep you informed throughout the entire process. Our Claims Specialists continuously follow up, keeping your file visible to the insurance company until we get the desired results.<\/span><\/p>\n\n\n\n\n\n\n\n\n\n\n\n\n<p><span style=\"caret-color: rgb(9, 133, 169); color: rgb(9, 133, 169); font-weight: 700; text-align: justify; font-size: 1rem;\">Appeals:&nbsp;<\/span><span style=\"font-size: 15px; text-align: center; font-style: inherit;\">Sin importar lo bien elaborada que est\u00e9 una reclamaci\u00f3n o qu\u00e9 tan necesario se el procedimiento, la aseguradora a\u00fan puede negarlo. Ellos cuentan con que aceptes la negativa sin apelar, ya que el proceso de apelaci\u00f3n puede tomar meses y representar una p\u00e9rdida importante de tiempo y dinero. En MKG Medical Network no aceptamos un \u00abno\u00bb como respuesta, y creemos que t\u00fa tampoco deber\u00edas de hacerlo. Trabajamos para revertir rechazos injustificados, eliminando la carga de apelaciones sin costo inicial para ti.&nbsp;<\/span><\/p>\n\n\n\n\n\n\n\n\n\n\n\n\n<p><span style=\"caret-color: rgb(9, 133, 169); color: rgb(9, 133, 169); font-weight: 700; text-align: justify; font-size: 1rem;\">Claim payment negotiations:&nbsp;<\/span><span style=\"font-size: 15px; text-align: center; font-style: inherit;\">No matter how well-prepared a claim is or how medically necessary the procedure, the insurer may still deny it. They count on you accepting the denial without an appeal, as the appeal process can take months and cost significant time and money. At MKG Medical Network, we don\u2019t take \u201cno\u201d for an answer \u2014 and we don\u2019t think you should either. We work to overturn unjustified denials, removing the burden of appeals at no upfront cost to you.<\/span><\/p>\n\n\n\n\n\n\n\n\n\n\n\n\n<p><span style=\"caret-color: rgb(9, 133, 169); color: rgb(9, 133, 169); font-weight: 700; text-align: justify; font-size: 1rem;\">Rate setting:&nbsp;<\/span><span style=\"font-size: 15px; text-align: center; font-style: inherit;\">Every provider must establish their rates when submitting claims. We evaluate your billing model based on industry standards and our experience and provide you with clear and strategic recommendations.<\/span><\/p>\n\n\n\n\n\n\n\n\n\n\n\n\n<p><span style=\"caret-color: rgb(9, 133, 169); color: rgb(9, 133, 169); font-weight: 700; text-align: justify; font-size: 1rem;\">Up-to-date billing codes:&nbsp;<\/span><span style=\"font-size: 15px; text-align: center; font-style: inherit;\">Without a full understanding of ICD-10 and CPT\/HCPCS codes, you could enter the wrong modifier and delay your claim payment. We train your medical team in the use of the most up-to-date codes, ensuring you and your patients receive the maximum policy benefits.<\/span><\/p>\n\n\n\n\n\n\n\n\n\n\n\n\n<p><span style=\"caret-color: rgb(9, 133, 169); color: rgb(9, 133, 169); font-weight: 700; text-align: justify; font-size: 1rem;\">Legal support:&nbsp;<\/span><span style=\"font-size: 15px; font-style: inherit;\">We do everything possible to resolve claims without legal action, but in some cases, it\u2019s unavoidable. If all operational and appeal steps have been exhausted and the claim is denied, MKG Medical Network\u2019s internal legal team will take the necessary actions against the insurance company to obtain payment. Legal action may include: legal demand letters, legal notifications, mediation, arbitration, and litigation.&nbsp;<\/span><\/p>\n\n\n\n\n\n\n\n\n\n\n\n\n<p style=\"text-align: justify\"><span style=\"font-size: 1rem; font-style: inherit; caret-color: rgb(9, 133, 169); color: rgb(9, 133, 169); font-weight: 700; text-align: justify;\">Air ambulance service:&nbsp;<\/span><span style=\"font-style: inherit; font-size: 15px;\">At MKG Medical Network, we offer a highly specialized air ambulance service designed to deliver in-flight medical care with staff trained in emergency response. Our team ensures safe, <\/span><span style=\"font-style: inherit; font-size: 15px;\">r\u00e1pidos<\/span><span style=\"font-style: inherit; font-size: 15px;\">&nbsp;and with direct communication with the receiving hospital, ensuring continuity of care from takeoff to the <\/span><span style=\"font-size: 15px;\">admission.<\/span><span style=\"font-size: 15px; font-style: inherit;\">Access more <\/span><span style=\"font-size: 15px;\">information<\/span><span style=\"font-size: 15px; font-style: inherit;\">&nbsp;about our air ambulance service in Costa Rica here:&nbsp;<\/span><a href=\"https:\/\/www.airmedicalassistancecr.com\/\" style=\"font-size: 1rem; caret-color: rgb(0, 0, 0);\">www.airmedicalassistancecr.com<\/a><span style=\"font-size: 15px; font-style: inherit;\">&nbsp;<\/span><\/p>\n\n\n\n\n\n\n<span style=\"font-family: -apple-system, BlinkMacSystemFont, &quot;Segoe UI&quot;, Roboto, Oxygen-Sans, Ubuntu, Cantarell, &quot;Helvetica Neue&quot;, sans-serif; font-size: 12px;\">MKG Medical Network is a company specialized in medical coding, claims management, and air medical transportation.<\/span><br>\n\n\nLINKS\n\nInicio\nNosotros\nServicios\nRed m\u00e9dica\nApp\nContacto\nAviso de Privacidad\n\n\n\ncontacto","protected":false},"excerpt":{"rendered":"","protected":false},"author":1,"featured_media":0,"parent":0,"menu_order":0,"comment_status":"closed","ping_status":"closed","template":"","meta":{"pagelayer_contact_templates":[],"_pagelayer_content":"","site-sidebar-layout":"default","site-content-layout":"","ast-site-content-layout":"","site-content-style":"unboxed","site-sidebar-style":"unboxed","ast-global-header-display":"","ast-banner-title-visibility":"","ast-main-header-display":"","ast-hfb-above-header-display":"","ast-hfb-below-header-display":"","ast-hfb-mobile-header-display":"","site-post-title":"disabled","ast-breadcrumbs-content":"","ast-featured-img":"","footer-sml-layout":"","ast-disable-related-posts":"","theme-transparent-header-meta":"","adv-header-id-meta":"","stick-header-meta":"","header-above-stick-meta":"","header-main-stick-meta":"","header-below-stick-meta":"","astra-migrate-meta-layouts":"default","ast-page-background-enabled":"default","ast-page-background-meta":{"desktop":{"background-color":"var(--ast-global-color-5)","background-image":"","background-repeat":"repeat","background-position":"center center","background-size":"auto","background-attachment":"scroll","background-type":"","background-media":"","overlay-type":"","overlay-color":"","overlay-opacity":"","overlay-gradient":""},"tablet":{"background-color":"","background-image":"","background-repeat":"repeat","background-position":"center center","background-size":"auto","background-attachment":"scroll","background-type":"","background-media":"","overlay-type":"","overlay-color":"","overlay-opacity":"","overlay-gradient":""},"mobile":{"background-color":"","background-image":"","background-repeat":"repeat","background-position":"center center","background-size":"auto","background-attachment":"scroll","background-type":"","background-media":"","overlay-type":"","overlay-color":"","overlay-opacity":"","overlay-gradient":""}},"ast-content-background-meta":{"desktop":{"background-color":"var(--ast-global-color-4)","background-image":"","background-repeat":"repeat","background-position":"center center","background-size":"auto","background-attachment":"scroll","background-type":"","background-media":"","overlay-type":"","overlay-color":"","overlay-opacity":"","overlay-gradient":""},"tablet":{"background-color":"var(--ast-global-color-4)","background-image":"","background-repeat":"repeat","background-position":"center center","background-size":"auto","background-attachment":"scroll","background-type":"","background-media":"","overlay-type":"","overlay-color":"","overlay-opacity":"","overlay-gradient":""},"mobile":{"background-color":"var(--ast-global-color-4)","background-image":"","background-repeat":"repeat","background-position":"center center","background-size":"auto","background-attachment":"scroll","background-type":"","background-media":"","overlay-type":"","overlay-color":"","overlay-opacity":"","overlay-gradient":""}},"footnotes":""},"class_list":["post-167","page","type-page","status-publish","hentry"],"_links":{"self":[{"href":"https:\/\/mkgnetworkmedical.com\/en\/wp-json\/wp\/v2\/pages\/167","targetHints":{"allow":["GET"]}}],"collection":[{"href":"https:\/\/mkgnetworkmedical.com\/en\/wp-json\/wp\/v2\/pages"}],"about":[{"href":"https:\/\/mkgnetworkmedical.com\/en\/wp-json\/wp\/v2\/types\/page"}],"author":[{"embeddable":true,"href":"https:\/\/mkgnetworkmedical.com\/en\/wp-json\/wp\/v2\/users\/1"}],"replies":[{"embeddable":true,"href":"https:\/\/mkgnetworkmedical.com\/en\/wp-json\/wp\/v2\/comments?post=167"}],"version-history":[{"count":205,"href":"https:\/\/mkgnetworkmedical.com\/en\/wp-json\/wp\/v2\/pages\/167\/revisions"}],"predecessor-version":[{"id":991,"href":"https:\/\/mkgnetworkmedical.com\/en\/wp-json\/wp\/v2\/pages\/167\/revisions\/991"}],"wp:attachment":[{"href":"https:\/\/mkgnetworkmedical.com\/en\/wp-json\/wp\/v2\/media?parent=167"}],"curies":[{"name":"wp","href":"https:\/\/api.w.org\/{rel}","templated":true}]}}