{"id":766,"date":"2025-05-02T17:27:44","date_gmt":"2025-05-02T17:27:44","guid":{"rendered":"https:\/\/mkgnetworkmedical.com\/?page_id=766"},"modified":"2025-06-17T17:22:03","modified_gmt":"2025-06-17T17:22:03","slug":"red-medica","status":"publish","type":"page","link":"https:\/\/mkgnetworkmedical.com\/en\/red-medica\/","title":{"rendered":"Medical Network"},"content":{"rendered":"<p><\/p>\n\n\n\n\n\n\n<h1>Hospital partnerships that support our efficiency<\/h1>\n\n\n\n\n\n\n\n\n<h2>Our medical network<\/h2>\n\n\n\n\n<p class=\"p1\" style=\"caret-color: rgb(0, 0, 0); color: rgb(0, 0, 0); font-style: normal;\">At MKG Medical Network, we collaborate with strategic hospital partners who are part of our medical network. These alliances allow us to optimize medical coding and billing services, while also ensuring well-coordinated air medical transfers when needed\u2014providing comprehensive and uninterrupted patient care.<\/p>\n\n\n\n\n\n\n\n\n\n<h2>Coverage in Mexico<\/h2>\n\n\n\n\n\n\n\n<p>Hospital San Antonio del Lago de Chapala:<\/p>\n\nHidalgo | Carretera Oriente 23. San Antonio Tlayacapan, Jal. 45922\nTel\u00e9fono: +52 1 376 689 0911<br>\n<a href=\"https:\/\/www.hospitalsanantonio.com.mx\/\">https:\/\/www.hospitalsanantonio.com.mx\/<\/a><br>\n\n<p>Hospital La Ascenci\u00f3n:&nbsp;<\/p>\n\nAgust\u00edn Y\u00e1\u00f1ez 270. Cocula, Jalisco. C.P. 485000\nTel\u00e9fono: +52 1 375 760 5963<br>\n<a href=\"http:\/\/hospitalascencion.mx\/\">http:\/\/hospitalascencion.mx\/<\/a><br>\n\n\n\n\n\n<h2>Coverage in Central America<\/h2>\n\n\n\n\n\n\n\n<p>Hospital Metropolitano:<\/p>\n\nC. 14. San Jos\u00e9 Merced. 10103. Costa Rica\nTel\u00e9fono: +506 2521 9595&nbsp;\n<a href=\"https:\/\/metropolitanocr.com\/\">https:\/\/metropolitanocr.com\/<\/a>\n\n<p>Locations:<\/p>\n\nSan Jos\u00e9 y Torres M\u00e9dicas\nHuacas\nPlaza del Sol\nLincoln Plaza\nLindora\nSan Carlos\nQuepos\nLiberia\nCariari C3\n\n<p>Hospital Centro M\u00e9dico Mae Lewis:<\/p>\n\nV\u00eda Interamericana, David, Chiriqu\u00ed, Rep\u00fablica de Panam\u00e1. Apartado: 0426-00333\nTel\u00e9fono: +507 7754 4616\n<a href=\"https:\/\/hospitalcmml.com\/\">https:\/\/hospitalcmml.com\/<\/a><br>\n\n\n\n\n\n\n\n<span style=\"font-family: -apple-system, BlinkMacSystemFont, &quot;Segoe UI&quot;, Roboto, Oxygen-Sans, Ubuntu, Cantarell, &quot;Helvetica Neue&quot;, sans-serif; font-size: 12px;\">MKG Medical Network is a company specialized in medical coding, claims management, and air medical transportation.<\/span><br>\n\n\nLINKS\n\nInicio\nNosotros\nServicios\nRed M\u00e9dica\nApp\nContacto\nAviso de Privacidad\n\n\n\nCONTacto","protected":false},"excerpt":{"rendered":"","protected":false},"author":1,"featured_media":0,"parent":0,"menu_order":0,"comment_status":"closed","ping_status":"closed","template":"","meta":{"pagelayer_contact_templates":[],"_pagelayer_content":"","site-sidebar-layout":"default","site-content-layout":"","ast-site-content-layout":"","site-content-style":"unboxed","site-sidebar-style":"unboxed","ast-global-header-display":"","ast-banner-title-visibility":"","ast-main-header-display":"","ast-hfb-above-header-display":"","ast-hfb-below-header-display":"","ast-hfb-mobile-header-display":"","site-post-title":"disabled","ast-breadcrumbs-content":"","ast-featured-img":"","footer-sml-layout":"","ast-disable-related-posts":"","theme-transparent-header-meta":"","adv-header-id-meta":"","stick-header-meta":"","header-above-stick-meta":"","header-main-stick-meta":"","header-below-stick-meta":"","astra-migrate-meta-layouts":"default","ast-page-background-enabled":"default","ast-page-background-meta":{"desktop":{"background-color":"var(--ast-global-color-5)","background-image":"","background-repeat":"repeat","background-position":"center center","background-size":"auto","background-attachment":"scroll","background-type":"","background-media":"","overlay-type":"","overlay-color":"","overlay-opacity":"","overlay-gradient":""},"tablet":{"background-color":"","background-image":"","background-repeat":"repeat","background-position":"center center","background-size":"auto","background-attachment":"scroll","background-type":"","background-media":"","overlay-type":"","overlay-color":"","overlay-opacity":"","overlay-gradient":""},"mobile":{"background-color":"","background-image":"","background-repeat":"repeat","background-position":"center center","background-size":"auto","background-attachment":"scroll","background-type":"","background-media":"","overlay-type":"","overlay-color":"","overlay-opacity":"","overlay-gradient":""}},"ast-content-background-meta":{"desktop":{"background-color":"var(--ast-global-color-4)","background-image":"","background-repeat":"repeat","background-position":"center center","background-size":"auto","background-attachment":"scroll","background-type":"","background-media":"","overlay-type":"","overlay-color":"","overlay-opacity":"","overlay-gradient":""},"tablet":{"background-color":"var(--ast-global-color-4)","background-image":"","background-repeat":"repeat","background-position":"center center","background-size":"auto","background-attachment":"scroll","background-type":"","background-media":"","overlay-type":"","overlay-color":"","overlay-opacity":"","overlay-gradient":""},"mobile":{"background-color":"var(--ast-global-color-4)","background-image":"","background-repeat":"repeat","background-position":"center center","background-size":"auto","background-attachment":"scroll","background-type":"","background-media":"","overlay-type":"","overlay-color":"","overlay-opacity":"","overlay-gradient":""}},"footnotes":""},"class_list":["post-766","page","type-page","status-publish","hentry"],"_links":{"self":[{"href":"https:\/\/mkgnetworkmedical.com\/en\/wp-json\/wp\/v2\/pages\/766","targetHints":{"allow":["GET"]}}],"collection":[{"href":"https:\/\/mkgnetworkmedical.com\/en\/wp-json\/wp\/v2\/pages"}],"about":[{"href":"https:\/\/mkgnetworkmedical.com\/en\/wp-json\/wp\/v2\/types\/page"}],"author":[{"embeddable":true,"href":"https:\/\/mkgnetworkmedical.com\/en\/wp-json\/wp\/v2\/users\/1"}],"replies":[{"embeddable":true,"href":"https:\/\/mkgnetworkmedical.com\/en\/wp-json\/wp\/v2\/comments?post=766"}],"version-history":[{"count":30,"href":"https:\/\/mkgnetworkmedical.com\/en\/wp-json\/wp\/v2\/pages\/766\/revisions"}],"predecessor-version":[{"id":983,"href":"https:\/\/mkgnetworkmedical.com\/en\/wp-json\/wp\/v2\/pages\/766\/revisions\/983"}],"wp:attachment":[{"href":"https:\/\/mkgnetworkmedical.com\/en\/wp-json\/wp\/v2\/media?parent=766"}],"curies":[{"name":"wp","href":"https:\/\/api.w.org\/{rel}","templated":true}]}}